{"id":14895,"date":"2020-01-24T20:04:39","date_gmt":"2020-01-24T20:04:39","guid":{"rendered":"https:\/\/earlyfeednutrition.com\/disclaimer\/"},"modified":"2021-04-30T09:02:22","modified_gmt":"2021-04-30T09:02:22","slug":"disclaimer","status":"publish","type":"page","link":"https:\/\/earlyfeed.kinsta.cloud\/fr\/disclaimer\/","title":{"rendered":"Disclaimer"},"content":{"rendered":"<section class=\"section section--gutenberg section--gutenberg-nomargin wp-block-paragraph\">\n<p>Ce site a \u00e9t\u00e9 r\u00e9alis\u00e9 avec le plus grand soin. N\u00e9anmoins, ce site peut contenir des informations incorrectes et\/ou incompl\u00e8tes. Aucun droit ne peut d\u00e9couler de son contenu. Royal Agrifirm Group d\u00e9cline toute responsabilit\u00e9 pour les dommages directs ou indirects r\u00e9sultant de l&#8217;utilisation des informations obtenues par ce site ou des sites li\u00e9s. Le contenu de ce site ne peut \u00eatre utilis\u00e9 \u00e0 des fins de publication sans l&#8217;autorisation de Royal Agrifirm Group.<\/p>\n<\/section>\n\n<section class=\"section section--gutenberg section--gutenberg-nomargin wp-block-paragraph\">\n<p>For supplies, payments, etc., the local delivery terms of a Royal Agrifirm Group subsidiary deposited with the Chamber of Commerce are applicable.<\/p>\n<\/section>\n\n<section class=\"section section--gutenberg section--gutenberg-nomargin wp-block-paragraph\">\n<p>Royal Agrifirm Group<br><em>CC 50003631<\/em><\/p>\n<\/section>","protected":false},"excerpt":{"rendered":"<p>Ce site a \u00e9t\u00e9 r\u00e9alis\u00e9 avec le plus grand soin. N\u00e9anmoins, ce site peut contenir des informations incorrectes et\/ou incompl\u00e8tes. Aucun droit ne peut d\u00e9couler de son contenu. Royal Agrifirm Group d\u00e9cline toute responsabilit\u00e9 pour les dommages directs ou indirects r\u00e9sultant de l&#8217;utilisation des informations obtenues par ce site ou des sites li\u00e9s. Le contenu [&hellip;]<\/p>\n","protected":false},"author":1,"featured_media":0,"parent":0,"menu_order":0,"comment_status":"closed","ping_status":"closed","template":"","meta":{"_acf_changed":false,"footnotes":""},"country":[],"class_list":["post-14895","page","type-page","status-publish","hentry"],"acf":[],"yoast_head":"<!-- This site is optimized with the Yoast SEO plugin v27.0 - https:\/\/yoast.com\/product\/yoast-seo-wordpress\/ -->\n<title>Disclaimer - Earlyfeed<\/title>\n<meta name=\"robots\" content=\"index, follow, max-snippet:-1, max-image-preview:large, max-video-preview:-1\" \/>\n<link rel=\"canonical\" href=\"https:\/\/earlyfeed.kinsta.cloud\/fr\/disclaimer\/\" \/>\n<meta property=\"og:locale\" content=\"fr_FR\" \/>\n<meta property=\"og:type\" content=\"article\" \/>\n<meta property=\"og:title\" content=\"Disclaimer - Earlyfeed\" \/>\n<meta property=\"og:description\" content=\"Ce site a \u00e9t\u00e9 r\u00e9alis\u00e9 avec le plus grand soin. N\u00e9anmoins, ce site peut contenir des informations incorrectes et\/ou incompl\u00e8tes. Aucun droit ne peut d\u00e9couler de son contenu. Royal Agrifirm Group d\u00e9cline toute responsabilit\u00e9 pour les dommages directs ou indirects r\u00e9sultant de l&#8217;utilisation des informations obtenues par ce site ou des sites li\u00e9s. Le contenu [&hellip;]\" \/>\n<meta property=\"og:url\" content=\"https:\/\/earlyfeed.kinsta.cloud\/fr\/disclaimer\/\" \/>\n<meta property=\"og:site_name\" content=\"Earlyfeed\" \/>\n<meta property=\"article:modified_time\" content=\"2021-04-30T09:02:22+00:00\" \/>\n<meta name=\"twitter:card\" content=\"summary_large_image\" \/>\n<meta name=\"twitter:label1\" content=\"Est. reading time\" \/>\n\t<meta name=\"twitter:data1\" content=\"1 minute\" \/>\n<script type=\"application\/ld+json\" class=\"yoast-schema-graph\">{\"@context\":\"https:\/\/schema.org\",\"@graph\":[{\"@type\":\"WebPage\",\"@id\":\"https:\/\/earlyfeed.kinsta.cloud\/fr\/disclaimer\/\",\"url\":\"https:\/\/earlyfeed.kinsta.cloud\/fr\/disclaimer\/\",\"name\":\"Disclaimer - Earlyfeed\",\"isPartOf\":{\"@id\":\"https:\/\/earlyfeed.kinsta.cloud\/fr\/#website\"},\"datePublished\":\"2020-01-24T20:04:39+00:00\",\"dateModified\":\"2021-04-30T09:02:22+00:00\",\"breadcrumb\":{\"@id\":\"https:\/\/earlyfeed.kinsta.cloud\/fr\/disclaimer\/#breadcrumb\"},\"inLanguage\":\"fr-FR\",\"potentialAction\":[{\"@type\":\"ReadAction\",\"target\":[\"https:\/\/earlyfeed.kinsta.cloud\/fr\/disclaimer\/\"]}]},{\"@type\":\"BreadcrumbList\",\"@id\":\"https:\/\/earlyfeed.kinsta.cloud\/fr\/disclaimer\/#breadcrumb\",\"itemListElement\":[{\"@type\":\"ListItem\",\"position\":1,\"name\":\"Page d'accueil\",\"item\":\"https:\/\/earlyfeed.kinsta.cloud\/fr\/\"},{\"@type\":\"ListItem\",\"position\":2,\"name\":\"Disclaimer\"}]},{\"@type\":\"WebSite\",\"@id\":\"https:\/\/earlyfeed.kinsta.cloud\/fr\/#website\",\"url\":\"https:\/\/earlyfeed.kinsta.cloud\/fr\/\",\"name\":\"Earlyfeed\",\"description\":\"Right from the start\",\"potentialAction\":[{\"@type\":\"SearchAction\",\"target\":{\"@type\":\"EntryPoint\",\"urlTemplate\":\"https:\/\/earlyfeed.kinsta.cloud\/fr\/?s={search_term_string}\"},\"query-input\":{\"@type\":\"PropertyValueSpecification\",\"valueRequired\":true,\"valueName\":\"search_term_string\"}}],\"inLanguage\":\"fr-FR\"}]}<\/script>\n<!-- \/ Yoast SEO plugin. -->","yoast_head_json":{"title":"Disclaimer - Earlyfeed","robots":{"index":"index","follow":"follow","max-snippet":"max-snippet:-1","max-image-preview":"max-image-preview:large","max-video-preview":"max-video-preview:-1"},"canonical":"https:\/\/earlyfeed.kinsta.cloud\/fr\/disclaimer\/","og_locale":"fr_FR","og_type":"article","og_title":"Disclaimer - Earlyfeed","og_description":"Ce site a \u00e9t\u00e9 r\u00e9alis\u00e9 avec le plus grand soin. N\u00e9anmoins, ce site peut contenir des informations incorrectes et\/ou incompl\u00e8tes. Aucun droit ne peut d\u00e9couler de son contenu. Royal Agrifirm Group d\u00e9cline toute responsabilit\u00e9 pour les dommages directs ou indirects r\u00e9sultant de l&#8217;utilisation des informations obtenues par ce site ou des sites li\u00e9s. Le contenu [&hellip;]","og_url":"https:\/\/earlyfeed.kinsta.cloud\/fr\/disclaimer\/","og_site_name":"Earlyfeed","article_modified_time":"2021-04-30T09:02:22+00:00","twitter_card":"summary_large_image","twitter_misc":{"Est. reading time":"1 minute"},"schema":{"@context":"https:\/\/schema.org","@graph":[{"@type":"WebPage","@id":"https:\/\/earlyfeed.kinsta.cloud\/fr\/disclaimer\/","url":"https:\/\/earlyfeed.kinsta.cloud\/fr\/disclaimer\/","name":"Disclaimer - Earlyfeed","isPartOf":{"@id":"https:\/\/earlyfeed.kinsta.cloud\/fr\/#website"},"datePublished":"2020-01-24T20:04:39+00:00","dateModified":"2021-04-30T09:02:22+00:00","breadcrumb":{"@id":"https:\/\/earlyfeed.kinsta.cloud\/fr\/disclaimer\/#breadcrumb"},"inLanguage":"fr-FR","potentialAction":[{"@type":"ReadAction","target":["https:\/\/earlyfeed.kinsta.cloud\/fr\/disclaimer\/"]}]},{"@type":"BreadcrumbList","@id":"https:\/\/earlyfeed.kinsta.cloud\/fr\/disclaimer\/#breadcrumb","itemListElement":[{"@type":"ListItem","position":1,"name":"Page d'accueil","item":"https:\/\/earlyfeed.kinsta.cloud\/fr\/"},{"@type":"ListItem","position":2,"name":"Disclaimer"}]},{"@type":"WebSite","@id":"https:\/\/earlyfeed.kinsta.cloud\/fr\/#website","url":"https:\/\/earlyfeed.kinsta.cloud\/fr\/","name":"Earlyfeed","description":"Right from the start","potentialAction":[{"@type":"SearchAction","target":{"@type":"EntryPoint","urlTemplate":"https:\/\/earlyfeed.kinsta.cloud\/fr\/?s={search_term_string}"},"query-input":{"@type":"PropertyValueSpecification","valueRequired":true,"valueName":"search_term_string"}}],"inLanguage":"fr-FR"}]}},"_links":{"self":[{"href":"https:\/\/earlyfeed.kinsta.cloud\/fr\/wp-json\/wp\/v2\/pages\/14895","targetHints":{"allow":["GET"]}}],"collection":[{"href":"https:\/\/earlyfeed.kinsta.cloud\/fr\/wp-json\/wp\/v2\/pages"}],"about":[{"href":"https:\/\/earlyfeed.kinsta.cloud\/fr\/wp-json\/wp\/v2\/types\/page"}],"author":[{"embeddable":true,"href":"https:\/\/earlyfeed.kinsta.cloud\/fr\/wp-json\/wp\/v2\/users\/1"}],"replies":[{"embeddable":true,"href":"https:\/\/earlyfeed.kinsta.cloud\/fr\/wp-json\/wp\/v2\/comments?post=14895"}],"version-history":[{"count":1,"href":"https:\/\/earlyfeed.kinsta.cloud\/fr\/wp-json\/wp\/v2\/pages\/14895\/revisions"}],"predecessor-version":[{"id":14912,"href":"https:\/\/earlyfeed.kinsta.cloud\/fr\/wp-json\/wp\/v2\/pages\/14895\/revisions\/14912"}],"wp:attachment":[{"href":"https:\/\/earlyfeed.kinsta.cloud\/fr\/wp-json\/wp\/v2\/media?parent=14895"}],"wp:term":[{"taxonomy":"country","embeddable":true,"href":"https:\/\/earlyfeed.kinsta.cloud\/fr\/wp-json\/wp\/v2\/country?post=14895"}],"curies":[{"name":"wp","href":"https:\/\/api.w.org\/{rel}","templated":true}]}}