{"id":13612,"date":"2019-09-06T07:49:47","date_gmt":"2019-09-06T07:49:47","guid":{"rendered":"https:\/\/earlyfeednutrition.com\/cookie-policy\/"},"modified":"2021-02-05T13:02:55","modified_gmt":"2021-02-05T13:02:55","slug":"cookie-policy","status":"publish","type":"page","link":"https:\/\/earlyfeed.kinsta.cloud\/pl\/cookie-policy\/","title":{"rendered":"Polityka plik\u00f3w cookie"},"content":{"rendered":"<section class=\"section section--gutenberg section--gutenberg-nomargin wp-block-paragraph\">\n<p>Na naszej stronie www.earlyfeednutrition.com wykorzystujemy pliki cookie. S\u0105 to ma\u0142e pliki informacyjne przechowywane na Twoim komputerze podczas odwiedzania naszej strony internetowej. Po zaakceptowaniu plik\u00f3w cookie zobaczysz w pe\u0142ni funkcjonaln\u0105 stron\u0119 internetow\u0105. Pliki cookie umo\u017cliwiaj\u0105 nam wgl\u0105d w zachowania os\u00f3b odwiedzaj\u0105cych nasz\u0105 stron\u0119 internetow\u0105. U\u017cywamy tych informacji do optymalizacji naszych us\u0142ug internetowych. Pliki cookie nie zagra\u017caj\u0105 bezpiecze\u0144stwu komputera ani prywatno\u015bci.\u00a0<\/p>\n<\/section>\n\n<section class=\"section section--gutenberg section--gutenberg-nomargin wp-block-heading\">\n<h2>Funkcjonalne i niefunkcjonalne pliki cookie\u00a0<\/h2>\n<\/section>\n\n<section class=\"section section--gutenberg section--gutenberg-nomargin wp-block-paragraph\">\n<p>Pliki cookie mo\u017cna podzieli\u0107 na funkcjonalne i niefunkcjonalne. Funkcjonalne pliki cookie s\u0105 niezb\u0119dne do prawid\u0142owego funkcjonowania strony internetowej i zapewniaj\u0105 szybkie i dok\u0142adne wy\u015bwietlanie wymaganych informacji za ka\u017cdym razem, gdy odwiedzasz nasz\u0105 stron\u0119. S\u0105 przydatne, poniewa\u017c nie musisz wprowadza\u0107 swoich informacji, preferencji ani dostosowywa\u0107 ustawie\u0144.&nbsp;<\/p>\n<\/section>\n\n<section class=\"section section--gutenberg section--gutenberg-nomargin wp-block-paragraph\">\n<p>U\u017cywamy niefunkcjonalnych plik\u00f3w cookie, aby sprawdzi\u0107, ile os\u00f3b odwiedza nasz\u0105 stron\u0119 internetow\u0105 i w jaki spos\u00f3b osoby te z niej korzystaj\u0105. U\u017cywamy tych informacji do dalszego udoskonalania strony internetowej. Informacje te s\u0105 anonimowe, nie mo\u017cemy przy ich pomocy nikogo zidentyfikowa\u0107. Pliki te znikaj\u0105 automatycznie po zamkni\u0119ciu przegl\u0105darki lub pozostaj\u0105 do 12 miesi\u0119cy po ostatniej wizycie na stronie.&nbsp;<\/p>\n<\/section>\n\n<section class=\"section section--gutenberg section--gutenberg-nomargin wp-block-paragraph\">\n<p>Funkcjonalne pliki cookie s\u0105 u\u017cywane do:&nbsp;<\/p>\n<\/section>\n\n\n<ul class=\"wp-block-list\"><li>Zapami\u0119tywania danych do logowania.\u00a0<\/li><li>Zapewnienia bezpiecze\u0144stwa danych do logowania.\u00a0<\/li><li>Wst\u0119pnego wype\u0142niania formularzy zam\u00f3wie\u0144 online z danymi klienta.\u00a0<\/li><li>Zapewnienia sp\u00f3jno\u015bci w wygl\u0105dzie strony internetowej.\u00a0<\/li><\/ul>\n\n\n<section class=\"section section--gutenberg section--gutenberg-nomargin wp-block-paragraph\">\n<p>Niefunkcjonalne pliki cookie s\u0105 u\u017cywane do:\u00a0<\/p>\n<\/section>\n\n\n<ul class=\"wp-block-list\"><li>Sprawdzenia, ile os\u00f3b odwiedza nasz\u0105 stron\u0119.\u00a0<\/li><li>Okre\u015blenia sposobu korzystania ze strony przez odwiedzaj\u0105cych.\u00a0<\/li><li>Poprawienia dzia\u0142ania strony internetowej.\u00a0<\/li><li>Poprawienia jako\u015bci obs\u0142ugi na stronie internetowej.\u00a0<\/li><\/ul>\n\n\n<section class=\"section section--gutenberg section--gutenberg-nomargin wp-block-paragraph\">\n<p>Wykorzystywanym przez nas niefunkcjonalnym plikiem cookie jest Hotjar \u2013 pozwala on na ulepszenie i zoptymalizowanie korzystania z tej strony internetowej oraz uczynienie jej bardziej przyjazn\u0105 dla u\u017cytkownika. Hotjar rejestruje odwiedziny na stronie, klikni\u0119cia i przewijanie wykonywane przez osoby odwiedzaj\u0105ce nasz\u0105 stron\u0119. Rejestry te s\u0105 wykonywane anonimowo.&nbsp;<\/p>\n<\/section>\n\n<section class=\"section section--gutenberg section--gutenberg-nomargin wp-block-paragraph\">\n<p>Wi\u0119cej informacji o plikach cookie i przepisach ich dotycz\u0105cych mo\u017cna znale\u017a\u0107 na stronie <a href=\"https:\/\/www.youronlinechoices.com\/\">https:\/\/www.youronlinechoices.com\/<\/a><\/p>\n<\/section>\n\n<section class=\"section section--gutenberg section--gutenberg-nomargin wp-block-heading\">\n<h2>Aktualizacja polityki dotycz\u0105cej plik\u00f3w cookie\u00a0<\/h2>\n<\/section>\n\n<section class=\"section section--gutenberg section--gutenberg-nomargin wp-block-paragraph\">\n<p>Niniejsza polityka dotycz\u0105ca plik\u00f3w cookie mo\u017ce zosta\u0107 w mi\u0119dzyczasie dostosowana, aby ujawni\u0107 zmiany i p\u00f3\u017aniejsze konsekwencje dla gromadzenia danych i zarz\u0105dzania nimi. Po dokonaniu zmian w niniejszej polityce data na dole strony zostanie dodana \/ zmieniona.&nbsp;<\/p>\n<\/section>\n\n<section class=\"section section--gutenberg section--gutenberg-nomargin wp-block-paragraph\">\n<p>Zastrzegamy sobie prawo do wprowadzania zmian w sposobie przetwarzania danych oraz do zmiany zasad i warunk\u00f3w opisanych w polityce dotycz\u0105cej plik\u00f3w cookie, a tak\u017ce do zastosowania tych zmian do Twoich danych. Je\u015bli odwiedzasz nasz\u0105 stron\u0119 internetow\u0105, oznacza to, \u017ce zgadzasz si\u0119 na aktualne warunki naszej polityki dotycz\u0105cej plik\u00f3w cookie.&nbsp;<\/p>\n<\/section>","protected":false},"excerpt":{"rendered":"<p>Na naszej stronie www.earlyfeednutrition.com wykorzystujemy pliki cookie. S\u0105 to ma\u0142e pliki informacyjne przechowywane na Twoim komputerze podczas odwiedzania naszej strony internetowej. Po zaakceptowaniu plik\u00f3w cookie zobaczysz w pe\u0142ni funkcjonaln\u0105 stron\u0119 internetow\u0105. Pliki cookie umo\u017cliwiaj\u0105 nam wgl\u0105d w zachowania os\u00f3b odwiedzaj\u0105cych nasz\u0105 stron\u0119 internetow\u0105. U\u017cywamy tych informacji do optymalizacji naszych us\u0142ug internetowych. Pliki cookie nie zagra\u017caj\u0105 [&hellip;]<\/p>\n","protected":false},"author":1,"featured_media":0,"parent":0,"menu_order":0,"comment_status":"closed","ping_status":"closed","template":"","meta":{"_acf_changed":false,"footnotes":""},"country":[],"class_list":["post-13612","page","type-page","status-publish","hentry"],"acf":[],"yoast_head":"<!-- This site is optimized with the Yoast SEO plugin v27.0 - https:\/\/yoast.com\/product\/yoast-seo-wordpress\/ -->\n<title>Polityka plik\u00f3w cookie - Earlyfeed<\/title>\n<meta name=\"robots\" content=\"index, follow, max-snippet:-1, max-image-preview:large, max-video-preview:-1\" \/>\n<link rel=\"canonical\" href=\"https:\/\/earlyfeed.kinsta.cloud\/pl\/cookie-policy\/\" \/>\n<meta property=\"og:locale\" content=\"pl_PL\" \/>\n<meta property=\"og:type\" content=\"article\" \/>\n<meta property=\"og:title\" content=\"Polityka plik\u00f3w cookie - Earlyfeed\" \/>\n<meta property=\"og:description\" content=\"Na naszej stronie www.earlyfeednutrition.com wykorzystujemy pliki cookie. S\u0105 to ma\u0142e pliki informacyjne przechowywane na Twoim komputerze podczas odwiedzania naszej strony internetowej. Po zaakceptowaniu plik\u00f3w cookie zobaczysz w pe\u0142ni funkcjonaln\u0105 stron\u0119 internetow\u0105. Pliki cookie umo\u017cliwiaj\u0105 nam wgl\u0105d w zachowania os\u00f3b odwiedzaj\u0105cych nasz\u0105 stron\u0119 internetow\u0105. U\u017cywamy tych informacji do optymalizacji naszych us\u0142ug internetowych. Pliki cookie nie zagra\u017caj\u0105 [&hellip;]\" \/>\n<meta property=\"og:url\" content=\"https:\/\/earlyfeed.kinsta.cloud\/pl\/cookie-policy\/\" \/>\n<meta property=\"og:site_name\" content=\"Earlyfeed\" \/>\n<meta property=\"article:modified_time\" content=\"2021-02-05T13:02:55+00:00\" \/>\n<meta name=\"twitter:card\" content=\"summary_large_image\" \/>\n<meta name=\"twitter:label1\" content=\"Est. reading time\" \/>\n\t<meta name=\"twitter:data1\" content=\"2 minutes\" \/>\n<script type=\"application\/ld+json\" class=\"yoast-schema-graph\">{\"@context\":\"https:\/\/schema.org\",\"@graph\":[{\"@type\":\"WebPage\",\"@id\":\"https:\/\/earlyfeed.kinsta.cloud\/pl\/cookie-policy\/\",\"url\":\"https:\/\/earlyfeed.kinsta.cloud\/pl\/cookie-policy\/\",\"name\":\"Polityka plik\u00f3w cookie - Earlyfeed\",\"isPartOf\":{\"@id\":\"https:\/\/earlyfeed.kinsta.cloud\/pl\/#website\"},\"datePublished\":\"2019-09-06T07:49:47+00:00\",\"dateModified\":\"2021-02-05T13:02:55+00:00\",\"breadcrumb\":{\"@id\":\"https:\/\/earlyfeed.kinsta.cloud\/pl\/cookie-policy\/#breadcrumb\"},\"inLanguage\":\"pl-PL\",\"potentialAction\":[{\"@type\":\"ReadAction\",\"target\":[\"https:\/\/earlyfeed.kinsta.cloud\/pl\/cookie-policy\/\"]}]},{\"@type\":\"BreadcrumbList\",\"@id\":\"https:\/\/earlyfeed.kinsta.cloud\/pl\/cookie-policy\/#breadcrumb\",\"itemListElement\":[{\"@type\":\"ListItem\",\"position\":1,\"name\":\"Strona g\u0142\u00f3wna\",\"item\":\"https:\/\/earlyfeednutrition.com\/pl\/\"},{\"@type\":\"ListItem\",\"position\":2,\"name\":\"Polityka plik\u00f3w cookie\"}]},{\"@type\":\"WebSite\",\"@id\":\"https:\/\/earlyfeed.kinsta.cloud\/pl\/#website\",\"url\":\"https:\/\/earlyfeed.kinsta.cloud\/pl\/\",\"name\":\"Earlyfeed\",\"description\":\"Right from the start\",\"potentialAction\":[{\"@type\":\"SearchAction\",\"target\":{\"@type\":\"EntryPoint\",\"urlTemplate\":\"https:\/\/earlyfeed.kinsta.cloud\/pl\/?s={search_term_string}\"},\"query-input\":{\"@type\":\"PropertyValueSpecification\",\"valueRequired\":true,\"valueName\":\"search_term_string\"}}],\"inLanguage\":\"pl-PL\"}]}<\/script>\n<!-- \/ Yoast SEO plugin. -->","yoast_head_json":{"title":"Polityka plik\u00f3w cookie - Earlyfeed","robots":{"index":"index","follow":"follow","max-snippet":"max-snippet:-1","max-image-preview":"max-image-preview:large","max-video-preview":"max-video-preview:-1"},"canonical":"https:\/\/earlyfeed.kinsta.cloud\/pl\/cookie-policy\/","og_locale":"pl_PL","og_type":"article","og_title":"Polityka plik\u00f3w cookie - Earlyfeed","og_description":"Na naszej stronie www.earlyfeednutrition.com wykorzystujemy pliki cookie. S\u0105 to ma\u0142e pliki informacyjne przechowywane na Twoim komputerze podczas odwiedzania naszej strony internetowej. Po zaakceptowaniu plik\u00f3w cookie zobaczysz w pe\u0142ni funkcjonaln\u0105 stron\u0119 internetow\u0105. Pliki cookie umo\u017cliwiaj\u0105 nam wgl\u0105d w zachowania os\u00f3b odwiedzaj\u0105cych nasz\u0105 stron\u0119 internetow\u0105. U\u017cywamy tych informacji do optymalizacji naszych us\u0142ug internetowych. Pliki cookie nie zagra\u017caj\u0105 [&hellip;]","og_url":"https:\/\/earlyfeed.kinsta.cloud\/pl\/cookie-policy\/","og_site_name":"Earlyfeed","article_modified_time":"2021-02-05T13:02:55+00:00","twitter_card":"summary_large_image","twitter_misc":{"Est. reading time":"2 minutes"},"schema":{"@context":"https:\/\/schema.org","@graph":[{"@type":"WebPage","@id":"https:\/\/earlyfeed.kinsta.cloud\/pl\/cookie-policy\/","url":"https:\/\/earlyfeed.kinsta.cloud\/pl\/cookie-policy\/","name":"Polityka plik\u00f3w cookie - Earlyfeed","isPartOf":{"@id":"https:\/\/earlyfeed.kinsta.cloud\/pl\/#website"},"datePublished":"2019-09-06T07:49:47+00:00","dateModified":"2021-02-05T13:02:55+00:00","breadcrumb":{"@id":"https:\/\/earlyfeed.kinsta.cloud\/pl\/cookie-policy\/#breadcrumb"},"inLanguage":"pl-PL","potentialAction":[{"@type":"ReadAction","target":["https:\/\/earlyfeed.kinsta.cloud\/pl\/cookie-policy\/"]}]},{"@type":"BreadcrumbList","@id":"https:\/\/earlyfeed.kinsta.cloud\/pl\/cookie-policy\/#breadcrumb","itemListElement":[{"@type":"ListItem","position":1,"name":"Strona g\u0142\u00f3wna","item":"https:\/\/earlyfeednutrition.com\/pl\/"},{"@type":"ListItem","position":2,"name":"Polityka plik\u00f3w cookie"}]},{"@type":"WebSite","@id":"https:\/\/earlyfeed.kinsta.cloud\/pl\/#website","url":"https:\/\/earlyfeed.kinsta.cloud\/pl\/","name":"Earlyfeed","description":"Right from the start","potentialAction":[{"@type":"SearchAction","target":{"@type":"EntryPoint","urlTemplate":"https:\/\/earlyfeed.kinsta.cloud\/pl\/?s={search_term_string}"},"query-input":{"@type":"PropertyValueSpecification","valueRequired":true,"valueName":"search_term_string"}}],"inLanguage":"pl-PL"}]}},"_links":{"self":[{"href":"https:\/\/earlyfeed.kinsta.cloud\/pl\/wp-json\/wp\/v2\/pages\/13612","targetHints":{"allow":["GET"]}}],"collection":[{"href":"https:\/\/earlyfeed.kinsta.cloud\/pl\/wp-json\/wp\/v2\/pages"}],"about":[{"href":"https:\/\/earlyfeed.kinsta.cloud\/pl\/wp-json\/wp\/v2\/types\/page"}],"author":[{"embeddable":true,"href":"https:\/\/earlyfeed.kinsta.cloud\/pl\/wp-json\/wp\/v2\/users\/1"}],"replies":[{"embeddable":true,"href":"https:\/\/earlyfeed.kinsta.cloud\/pl\/wp-json\/wp\/v2\/comments?post=13612"}],"version-history":[{"count":1,"href":"https:\/\/earlyfeed.kinsta.cloud\/pl\/wp-json\/wp\/v2\/pages\/13612\/revisions"}],"predecessor-version":[{"id":13615,"href":"https:\/\/earlyfeed.kinsta.cloud\/pl\/wp-json\/wp\/v2\/pages\/13612\/revisions\/13615"}],"wp:attachment":[{"href":"https:\/\/earlyfeed.kinsta.cloud\/pl\/wp-json\/wp\/v2\/media?parent=13612"}],"wp:term":[{"taxonomy":"country","embeddable":true,"href":"https:\/\/earlyfeed.kinsta.cloud\/pl\/wp-json\/wp\/v2\/country?post=13612"}],"curies":[{"name":"wp","href":"https:\/\/api.w.org\/{rel}","templated":true}]}}